{"id":46,"date":"2022-06-03T10:38:41","date_gmt":"2022-06-03T10:38:41","guid":{"rendered":"https:\/\/www.evolta.be\/?page_id=46"},"modified":"2025-06-12T09:20:19","modified_gmt":"2025-06-12T09:20:19","slug":"ons-dna","status":"publish","type":"page","link":"https:\/\/www.evolta.be\/nl\/ons-dna\/","title":{"rendered":"Ons DNA"},"content":{"rendered":"\t\t<div data-elementor-type=\"wp-page\" data-elementor-id=\"46\" class=\"elementor elementor-46\" data-elementor-post-type=\"page\">\n\t\t\t\t\t\t<section class=\"elementor-section elementor-top-section elementor-element elementor-element-3419982 elementor-section-boxed elementor-section-height-default elementor-section-height-default\" data-id=\"3419982\" data-element_type=\"section\">\n\t\t\t\t\t\t<div class=\"elementor-container elementor-column-gap-default\">\n\t\t\t\t\t<div class=\"elementor-column elementor-col-50 elementor-top-column elementor-element elementor-element-485bb86 elementor-invisible\" data-id=\"485bb86\" data-element_type=\"column\" data-settings=\"{&quot;animation&quot;:&quot;fadeInUp&quot;}\">\n\t\t\t<div class=\"elementor-widget-wrap elementor-element-populated\">\n\t\t\t\t\t\t<div class=\"elementor-element elementor-element-1f35c08 elementor-widget elementor-widget-heading\" data-id=\"1f35c08\" data-element_type=\"widget\" data-widget_type=\"heading.default\">\n\t\t\t\t<div class=\"elementor-widget-container\">\n\t\t\t\t\t<h1 class=\"elementor-heading-title elementor-size-default\">Een veelzijdig ingenieurs- en architectenbureau\ndat verbindt en ontmoet<\/h1>\t\t\t\t<\/div>\n\t\t\t\t<\/div>\n\t\t\t\t\t<\/div>\n\t\t<\/div>\n\t\t\t\t<div class=\"elementor-column elementor-col-50 elementor-top-column elementor-element elementor-element-4318e27 elementor-invisible\" data-id=\"4318e27\" data-element_type=\"column\" data-settings=\"{&quot;animation&quot;:&quot;fadeInUp&quot;}\">\n\t\t\t<div class=\"elementor-widget-wrap elementor-element-populated\">\n\t\t\t\t\t\t<div class=\"elementor-element elementor-element-764c0f2 elementor-widget elementor-widget-heading\" data-id=\"764c0f2\" data-element_type=\"widget\" data-widget_type=\"heading.default\">\n\t\t\t\t<div class=\"elementor-widget-container\">\n\t\t\t\t\t<h4 class=\"elementor-heading-title elementor-size-default\">Onze droom<\/h4>\t\t\t\t<\/div>\n\t\t\t\t<\/div>\n\t\t\t\t<div class=\"elementor-element elementor-element-929b130 elementor-widget elementor-widget-heading\" data-id=\"929b130\" data-element_type=\"widget\" data-widget_type=\"heading.default\">\n\t\t\t\t<div class=\"elementor-widget-container\">\n\t\t\t\t\t<h2 class=\"elementor-heading-title elementor-size-default\">We willen schoonheid en geluk cre\u00ebren \n\n <\/h2>\t\t\t\t<\/div>\n\t\t\t\t<\/div>\n\t\t\t\t<div class=\"elementor-element elementor-element-f2ee337 elementor-widget elementor-widget-text-editor\" data-id=\"f2ee337\" data-element_type=\"widget\" data-widget_type=\"text-editor.default\">\n\t\t\t\t<div class=\"elementor-widget-container\">\n\t\t\t\t\t\t\t\t\t<p>Bouwen aan een wereld in balans, mensen in ontwikkeling en organisaties in beweging. De toekomst vormgeven door te kijken vanuit verschillende perspectieven \u2013 die van bezoekers, bewoners, ondernemers, beleidsmakers, belangenverdedigers, bouwers en ontwerpers. <strong>En dat doen we intussen al meer dan 40 jaar met passie en precisie. <\/strong><\/p>\t\t\t\t\t\t\t\t<\/div>\n\t\t\t\t<\/div>\n\t\t\t\t\t<\/div>\n\t\t<\/div>\n\t\t\t\t\t<\/div>\n\t\t<\/section>\n\t\t\t\t<section class=\"elementor-section elementor-top-section elementor-element elementor-element-bca81cd elementor-section-full_width elementor-section-height-default elementor-section-height-default\" data-id=\"bca81cd\" data-element_type=\"section\">\n\t\t\t\t\t\t<div class=\"elementor-container elementor-column-gap-no\">\n\t\t\t\t\t<div class=\"elementor-column elementor-col-100 elementor-top-column elementor-element elementor-element-76540d3\" data-id=\"76540d3\" data-element_type=\"column\">\n\t\t\t<div class=\"elementor-widget-wrap elementor-element-populated\">\n\t\t\t\t\t\t<div class=\"elementor-element elementor-element-dd1c7aa elementor-widget elementor-widget-shortcode\" data-id=\"dd1c7aa\" data-element_type=\"widget\" data-widget_type=\"shortcode.default\">\n\t\t\t\t<div class=\"elementor-widget-container\">\n\t\t\t\t\t\t\t<div class=\"elementor-shortcode\"><div class=\"dna-gallery-wrap fadeInUp-wrap\">\n                <div class=\"dna-gallery-inner max-width\"><div class=\"dna-gallery-l\">\n                    <div id=\"dna_gallery_l\" class=\"owl-carousel owl-theme gallery\"><img decoding=\"async\" src=\"https:\/\/www.evolta.be\/wp-content\/uploads\/2022\/07\/Ons-DNA-\u2014-Waarde-diensten-750x750.png\"><img decoding=\"async\" src=\"https:\/\/www.evolta.be\/wp-content\/uploads\/2022\/07\/Ons-DNA-\u2014-Waarde-diensten-\u2013-3-750x750.png\"><img decoding=\"async\" src=\"https:\/\/www.evolta.be\/wp-content\/uploads\/2022\/06\/Watt-Site-Revive-Nieuwewandeling-Gent-gazon-speelheuvel-wadi-spelprikkels-bomen-zwerfkeien-5-1-1100x729.jpg\"><img decoding=\"async\" src=\"https:\/\/www.evolta.be\/wp-content\/uploads\/2022\/07\/Ons-DNA-\u2014-Waarde-diensten-\u2013-7-750x750.png\"><img decoding=\"async\" src=\"https:\/\/www.evolta.be\/wp-content\/uploads\/2022\/07\/Ons-DNA-\u2014-Waarde-diensten-\u2013-8-750x750.png\"><\/div>\n        <\/div><div class=\"dna-gallery-icon\">\n            <img decoding=\"async\" src=\"https:\/\/www.evolta.be\/wp-content\/themes\/evolta\/images\/logo-icon-white.svg\">\n        <\/div><div class=\"dna-gallery-r\">\n                    <div id=\"dna_gallery_r\" class=\"owl-carousel owl-theme gallery\"><img decoding=\"async\" src=\"https:\/\/www.evolta.be\/wp-content\/uploads\/2022\/07\/Ons-DNA-\u2014-Waarde-diensten-\u2013-1-750x750.png\"><img decoding=\"async\" src=\"https:\/\/www.evolta.be\/wp-content\/uploads\/2022\/07\/Ons-DNA-\u2014-Waarde-diensten-\u2013-2-750x750.png\"><img decoding=\"async\" src=\"https:\/\/www.evolta.be\/wp-content\/uploads\/2022\/07\/Ons-DNA-\u2014-Waarde-diensten-\u2013-4-750x750.png\"><img decoding=\"async\" src=\"https:\/\/www.evolta.be\/wp-content\/uploads\/2022\/07\/Ons-DNA-\u2014-Waarde-diensten-\u2013-6-750x750.png\"><img decoding=\"async\" src=\"https:\/\/www.evolta.be\/wp-content\/uploads\/2022\/07\/Ons-DNA-\u2014-Waarde-diensten-\u2013-9-750x750.png\"><\/div>\n        <\/div><\/div>\n<\/div><\/div>\n\t\t\t\t\t\t<\/div>\n\t\t\t\t<\/div>\n\t\t\t\t\t<\/div>\n\t\t<\/div>\n\t\t\t\t\t<\/div>\n\t\t<\/section>\n\t\t\t\t<section class=\"elementor-section elementor-top-section elementor-element elementor-element-6466a8f elementor-section-boxed elementor-section-height-default elementor-section-height-default\" data-id=\"6466a8f\" data-element_type=\"section\">\n\t\t\t\t\t\t<div class=\"elementor-container elementor-column-gap-default\">\n\t\t\t\t\t<div class=\"elementor-column elementor-col-50 elementor-top-column elementor-element elementor-element-cf89b5d elementor-invisible\" data-id=\"cf89b5d\" data-element_type=\"column\" data-settings=\"{&quot;animation&quot;:&quot;fadeInUp&quot;}\">\n\t\t\t<div class=\"elementor-widget-wrap elementor-element-populated\">\n\t\t\t\t\t\t<div class=\"elementor-element elementor-element-7a8cf2d elementor-widget elementor-widget-heading\" data-id=\"7a8cf2d\" data-element_type=\"widget\" data-widget_type=\"heading.default\">\n\t\t\t\t<div class=\"elementor-widget-container\">\n\t\t\t\t\t<h4 class=\"elementor-heading-title elementor-size-default\">Onze waarden <\/h4>\t\t\t\t<\/div>\n\t\t\t\t<\/div>\n\t\t\t\t<div class=\"elementor-element elementor-element-88bd445 elementor-widget elementor-widget-heading\" data-id=\"88bd445\" data-element_type=\"widget\" data-widget_type=\"heading.default\">\n\t\t\t\t<div class=\"elementor-widget-container\">\n\t\t\t\t\t<h2 class=\"elementor-heading-title elementor-size-default\">Creativiteit ontstaat in dialoog <\/h2>\t\t\t\t<\/div>\n\t\t\t\t<\/div>\n\t\t\t\t<div class=\"elementor-element elementor-element-cd8fb24 elementor-widget elementor-widget-text-editor\" data-id=\"cd8fb24\" data-element_type=\"widget\" data-widget_type=\"text-editor.default\">\n\t\t\t\t<div class=\"elementor-widget-container\">\n\t\t\t\t\t\t\t\t\t<p><strong>Ondernemend, inventief, veerkrachtig en openhartig<\/strong>, daar staan we voor. Elk verhaal begint bij een gesprek van mens tot mens. Of je nu aannemer bent, buurtbewoner, architect of ondernemer, we brengen alle partijen aan tafel en maken verschillen in perspectief bespreekbaar, stellen onszelf in vraag en bedenken oplossingen voor ze een probleem kunnen worden. Want dialoog cre\u00ebert betrokkenheid en leidt tot inventiviteit.<\/p>\n<p>Door bruggen te bouwen tussen verschillende expertises en stakeholders, komen we samen tot het beste resultaat: een ontwerp dat generaties lang meegaat. En zo maken we van onze droom een realiteit.&nbsp;<\/p>\t\t\t\t\t\t\t\t<\/div>\n\t\t\t\t<\/div>\n\t\t\t\t<div class=\"elementor-element elementor-element-4ba88af elementor-widget elementor-widget-testimonial\" data-id=\"4ba88af\" data-element_type=\"widget\" data-widget_type=\"testimonial.default\">\n\t\t\t\t<div class=\"elementor-widget-container\">\n\t\t\t\t\t\t\t<div class=\"elementor-testimonial-wrapper\">\n\t\t\t\t\t\t\t<div class=\"elementor-testimonial-content\">\u201cVoor mij is er maar \u00e9\u00e9n manier om te leven en je organisatie te leiden: volledig. Met je hoofd, je hart en je buik. Dat vraagt moed. Om te dromen. Om je te tonen. Om te luisteren. Om hulp te vragen. Om je te vergissen. Om in de spiegel te kijken. Om jezelf te ontmoeten in de ander. Om hier en nu bewust aanwezig te zijn. De essentie voor mij blijft connectie, met jezelf en met de wereld, om als unieke mens te stralen. Mensen raken, ook als het pijn doet, hun vleugels tonen, hun zien dansen, dat beweegt me en ontroert me elke keer. \u201c<\/div>\n\t\t\t\n\t\t\t\t\t\t<div class=\"elementor-testimonial-meta\">\n\t\t\t\t<div class=\"elementor-testimonial-meta-inner\">\n\t\t\t\t\t\n\t\t\t\t\t\t\t\t\t\t<div class=\"elementor-testimonial-details\">\n\t\t\t\t\t\t\t\t\t\t\t\t\t\t<div class=\"elementor-testimonial-name\">Nele De Smet<\/div>\n\t\t\t\t\t\t\t\t\t\t\t\t\t\t\t\t\t\t\t\t\t\t<div class=\"elementor-testimonial-job\">CEO Evolta<\/div>\n\t\t\t\t\t\t\t\t\t\t\t\t\t<\/div>\n\t\t\t\t\t\t\t\t\t<\/div>\n\t\t\t<\/div>\n\t\t\t\t\t<\/div>\n\t\t\t\t\t\t<\/div>\n\t\t\t\t<\/div>\n\t\t\t\t\t<\/div>\n\t\t<\/div>\n\t\t\t\t<div class=\"elementor-column elementor-col-50 elementor-top-column elementor-element elementor-element-700f93b elementor-invisible\" data-id=\"700f93b\" data-element_type=\"column\" data-settings=\"{&quot;animation&quot;:&quot;fadeInUp&quot;}\">\n\t\t\t<div class=\"elementor-widget-wrap elementor-element-populated\">\n\t\t\t\t\t\t<div class=\"elementor-element elementor-element-a38276d elementor-widget elementor-widget-heading\" data-id=\"a38276d\" data-element_type=\"widget\" data-widget_type=\"heading.default\">\n\t\t\t\t<div class=\"elementor-widget-container\">\n\t\t\t\t\t<h4 class=\"elementor-heading-title elementor-size-default\">Onze diensten <\/h4>\t\t\t\t<\/div>\n\t\t\t\t<\/div>\n\t\t\t\t<div class=\"elementor-element elementor-element-4f08332 elementor-widget elementor-widget-heading\" data-id=\"4f08332\" data-element_type=\"widget\" data-widget_type=\"heading.default\">\n\t\t\t\t<div class=\"elementor-widget-container\">\n\t\t\t\t\t<h2 class=\"elementor-heading-title elementor-size-default\">Van ontwerp en studie tot prijsvraag, co\u00f6rdinatie van de werken en beheer,  \n\non-site als consultants of in team als partners <\/h2>\t\t\t\t<\/div>\n\t\t\t\t<\/div>\n\t\t\t\t<div class=\"elementor-element elementor-element-eec0647 elementor-widget elementor-widget-text-editor\" data-id=\"eec0647\" data-element_type=\"widget\" data-widget_type=\"text-editor.default\">\n\t\t\t\t<div class=\"elementor-widget-container\">\n\t\t\t\t\t\t\t\t\t<p>Ons bureau bestaat uit een mix van ingenieurs, architecten en zoveel meer \u2013 stuk voor stuk talenten met verschillende expertises, interesses en stijlen. Samen combineren we onze brede bouwtechnische kennis met een flinke dosis inventiviteit en passie voor mensgericht cre\u00ebren.<\/p><p>Bedrijven, organisaties en overheden kunnen bij onze interdisciplinaire teams terecht voor het <strong>ontwerp, de co\u00f6rdinatie en het beheer van gelijk welk bouwproject.<\/strong> Je kan ons inschakelen als on-site consultants, of als partner doorheen je project. Wie of wat jij ook nodig hebt, we hebben alles in huis (of in ons netwerk) om jou te ontzorgen en te versterken.<\/p>\t\t\t\t\t\t\t\t<\/div>\n\t\t\t\t<\/div>\n\t\t\t\t<div class=\"elementor-element elementor-element-101eb18 elementor-widget elementor-widget-button\" data-id=\"101eb18\" data-element_type=\"widget\" data-widget_type=\"button.default\">\n\t\t\t\t<div class=\"elementor-widget-container\">\n\t\t\t\t\t\t\t\t\t<div class=\"elementor-button-wrapper\">\n\t\t\t\t\t<a class=\"elementor-button elementor-button-link elementor-size-sm\" href=\"https:\/\/www.evolta.be\/nl\/domeinen\/\">\n\t\t\t\t\t\t<span class=\"elementor-button-content-wrapper\">\n\t\t\t\t\t\t\t\t\t<span class=\"elementor-button-text\">Domeinen<\/span>\n\t\t\t\t\t<\/span>\n\t\t\t\t\t<\/a>\n\t\t\t\t<\/div>\n\t\t\t\t\t\t\t\t<\/div>\n\t\t\t\t<\/div>\n\t\t\t\t\t<\/div>\n\t\t<\/div>\n\t\t\t\t\t<\/div>\n\t\t<\/section>\n\t\t\t\t<section class=\"elementor-section elementor-top-section elementor-element elementor-element-4ea515c elementor-section-full_width elementor-section-height-default elementor-section-height-default\" data-id=\"4ea515c\" data-element_type=\"section\">\n\t\t\t\t\t\t<div class=\"elementor-container elementor-column-gap-no\">\n\t\t\t\t\t<div class=\"elementor-column elementor-col-100 elementor-top-column elementor-element elementor-element-858057b\" data-id=\"858057b\" data-element_type=\"column\">\n\t\t\t<div class=\"elementor-widget-wrap elementor-element-populated\">\n\t\t\t\t\t\t<div class=\"elementor-element elementor-element-630cc3a elementor-widget elementor-widget-shortcode\" data-id=\"630cc3a\" data-element_type=\"widget\" data-widget_type=\"shortcode.default\">\n\t\t\t\t<div class=\"elementor-widget-container\">\n\t\t\t\t\t\t\t<div class=\"elementor-shortcode\"><div class=\"dna-grid-wrap fadeInUp-wrap\">\n    <div class=\"dna-grid-inner\">\n        <div class=\"dna-grid-hd\">\n            <div class=\"dna-grid-hd-l\">\n                <h2>bridging passion & precision <\/h2>\n            <\/div>\n            <div class=\"dna-grid-hd-r\">\n                <div class=\"dna-grid-hd-r-inner\">\n                  <p>Het Evolta-handelsmerk? De combinatie van passie en precisie. Passie voor ontwerp en oog voor detail. Aandacht voor schoonheid, geluk en verbinding en aanleg voor cijfers, afmetingen, de gulden snede en de gulden spiraal. Of ook: <strong>onze compromisloze kijk op ruimtes en gebouwen. Dat die vooral mensen moeten dienen, en niet andersom.<\/strong><\/p>\n\n                <\/div>\n            <\/div>\n        <\/div>\n        <div class=\"dna-grid fadeInUp-wrap\">\n            <div class=\"dna-grid-bl1\">\n                <div class=\"dna-grid-img1\">\n                    <img decoding=\"async\" src=\"https:\/\/www.evolta.be\/wp-content\/uploads\/2022\/07\/GRID-\u2014-1-800x800.png\">\n                <\/div>\n                <div class=\"dna-grid-img2\">\n                    <img decoding=\"async\" src=\"https:\/\/www.evolta.be\/wp-content\/uploads\/2021\/01\/Volvo-Cars-Gent-Logistieke-transformatie-Volvo-XC40-Recharge-producion-3-1400x788.jpg\">\n                <\/div>\n            <\/div>\n            <div class=\"dna-grid-bl2\">\n                <div class=\"dna-grid-img3\">\n                    <img decoding=\"async\" src=\"https:\/\/www.evolta.be\/wp-content\/uploads\/2022\/07\/GRID-\u2014-3-1400x788.png\">\n                <\/div>\n                <div class=\"dna-grid-img4\">\n                    <img decoding=\"async\" src=\"https:\/\/www.evolta.be\/wp-content\/uploads\/2022\/07\/Ganzendries-Lubbeek-roodbruine-asfalt-fietsoversteek-fietspad-bufferbekken-groenberm-26-1400x788.jpg\">\n                <\/div>\n            <\/div>\n            <div class=\"dna-grid-bl3\">\n                <div class=\"dna-grid-img5\">\n                    <img decoding=\"async\" src=\"https:\/\/www.evolta.be\/wp-content\/uploads\/2022\/07\/GRID-\u2014-5-1059x800.png\">\n                <\/div>\n                <div class=\"dna-grid-img6\">\n                    <img decoding=\"async\" src=\"https:\/\/www.evolta.be\/wp-content\/uploads\/2022\/07\/GRID-\u2014-6-1059x800.png\">\n                <\/div>\n            <\/div>\n        <\/div>\n    <\/div>\n<\/div><\/div>\n\t\t\t\t\t\t<\/div>\n\t\t\t\t<\/div>\n\t\t\t\t\t<\/div>\n\t\t<\/div>\n\t\t\t\t\t<\/div>\n\t\t<\/section>\n\t\t\t\t<section class=\"elementor-section elementor-top-section elementor-element elementor-element-f0be9db elementor-section-full_width elementor-section-height-default elementor-section-height-default\" data-id=\"f0be9db\" data-element_type=\"section\">\n\t\t\t\t\t\t<div class=\"elementor-container elementor-column-gap-no\">\n\t\t\t\t\t<div class=\"elementor-column elementor-col-100 elementor-top-column elementor-element elementor-element-2886c32\" data-id=\"2886c32\" data-element_type=\"column\">\n\t\t\t<div class=\"elementor-widget-wrap elementor-element-populated\">\n\t\t\t\t\t\t<div class=\"elementor-element elementor-element-37aec3d elementor-widget elementor-widget-shortcode\" data-id=\"37aec3d\" data-element_type=\"widget\" data-widget_type=\"shortcode.default\">\n\t\t\t\t<div class=\"elementor-widget-container\">\n\t\t\t\t\t\t\t<div class=\"elementor-shortcode\"><div class=\"dna-teams-wrap border fadeInUp-wrap\">\n    <div class=\"dna-teams-inner\">\n        <div class=\"dna-teams-l\">\n\n            <div class=\"teams-list\">\n                <h4>Team van teams<\/h4>\n                <ul><li><a href=\"https:\/\/www.evolta.be\/nl\/team\/#team_blauwgroen\">Blauwgroen<\/a><\/li><li><a href=\"https:\/\/www.evolta.be\/nl\/team\/#team_concept_en_ruimte\">Concept en Ruimte<\/a><\/li><li><a href=\"https:\/\/www.evolta.be\/nl\/team\/#team_duurzame_mobiliteit\">Duurzame mobiliteit<\/a><\/li><li><a href=\"https:\/\/www.evolta.be\/nl\/team\/#team_mens_milieu\">Mens en milieu<\/a><\/li><li><a href=\"https:\/\/www.evolta.be\/nl\/team\/#team_gebouwen\">Gebouwen<\/a><\/li><li><a href=\"https:\/\/www.evolta.be\/nl\/team\/#team_consultancy_services\">Consultancy services<\/a><\/li><li><a href=\"https:\/\/www.evolta.be\/nl\/team\/#team_management_support\">Management en support<\/a><\/li><li><a href=\"https:\/\/www.evolta.be\/nl\/team\/#team_directie\">Directie<\/a><\/li><\/ul>\n            <\/div>\n\n        <\/div>\n        <div class=\"dna-teams-r\">\n            <div class=\"dna-teams-r-inner\">\n            <h2><\/h2>\n              <div class=\"dna-teams-content\">\n                  \n              <\/div>\n            <\/div>\n        <\/div>\n    <\/div>\n<\/div>\n    <div class=\"dna-teams-gallery-wrap\">\n        <div class=\"dna-teams-gallery\">\n            <div id=\"dna_teams_gallery\" class=\"fadeInUp-wrap owl-carousel owl-theme gallery\"><\/div>\n\n        <\/div>\n\n<\/div><\/div>\n\t\t\t\t\t\t<\/div>\n\t\t\t\t<\/div>\n\t\t\t\t\t<\/div>\n\t\t<\/div>\n\t\t\t\t\t<\/div>\n\t\t<\/section>\n\t\t\t\t<\/div>\n\t\t","protected":false},"excerpt":{"rendered":"<p>Een veelzijdig ingenieurs- en architectenbureau dat verbindt en ontmoet Onze droom We willen schoonheid en geluk cre\u00ebren Bouwen aan een wereld in balans, mensen in ontwikkeling en organisaties in beweging. De toekomst vormgeven door te kijken vanuit verschillende perspectieven \u2013 die van bezoekers, bewoners, ondernemers, beleidsmakers, belangenverdedigers, bouwers en ontwerpers. En dat doen we intussen &hellip; <a href=\"https:\/\/www.evolta.be\/nl\/teams\/directie\/\" class=\"more-link\">Continue reading<span class=\"screen-reader-text\"> &#8220;Directie&#8221;<\/span><\/a><\/p>\n","protected":false},"author":1,"featured_media":0,"parent":0,"menu_order":0,"comment_status":"closed","ping_status":"closed","template":"","meta":{"_acf_changed":false,"inline_featured_image":false,"footnotes":""},"class_list":["post-46","page","type-page","status-publish","hentry"],"acf":[],"yoast_head":"<!-- This site is optimized with the Yoast SEO plugin v26.3 - https:\/\/yoast.com\/wordpress\/plugins\/seo\/ -->\n<title>Een ingenieurs- en architectenbureau dat verbindt en ontmoet | Evolta<\/title>\n<meta name=\"description\" content=\"Op zoek naar een warm en uitdagend ingenieurs- en architectenbureau (in \u00e9\u00e9n)? Onze teams gaan samen over studie, ontwerp, prijsvraag, co\u00f6rdinatie \u00e9n beheer.\" \/>\n<meta name=\"robots\" content=\"index, follow, max-snippet:-1, max-image-preview:large, max-video-preview:-1\" \/>\n<link rel=\"canonical\" href=\"https:\/\/www.evolta.be\/nl\/ons-dna\/\" \/>\n<meta property=\"og:locale\" content=\"nl_NL\" \/>\n<meta property=\"og:type\" content=\"article\" \/>\n<meta property=\"og:title\" content=\"Een ingenieurs- en architectenbureau dat verbindt en ontmoet | Evolta\" \/>\n<meta property=\"og:description\" content=\"Op zoek naar een warm en uitdagend ingenieurs- en architectenbureau (in \u00e9\u00e9n)? Onze teams gaan samen over studie, ontwerp, prijsvraag, co\u00f6rdinatie \u00e9n beheer.\" \/>\n<meta property=\"og:url\" content=\"https:\/\/www.evolta.be\/nl\/ons-dna\/\" \/>\n<meta property=\"og:site_name\" content=\"Evolta\" \/>\n<meta property=\"article:modified_time\" content=\"2025-06-12T09:20:19+00:00\" \/>\n<meta name=\"twitter:card\" content=\"summary_large_image\" \/>\n<meta name=\"twitter:label1\" content=\"Geschatte leestijd\" \/>\n\t<meta name=\"twitter:data1\" content=\"2 minuten\" \/>\n<script type=\"application\/ld+json\" class=\"yoast-schema-graph\">{\"@context\":\"https:\/\/schema.org\",\"@graph\":[{\"@type\":\"WebPage\",\"@id\":\"https:\/\/www.evolta.be\/nl\/ons-dna\/\",\"url\":\"https:\/\/www.evolta.be\/nl\/ons-dna\/\",\"name\":\"Een ingenieurs- en architectenbureau dat verbindt en ontmoet | Evolta\",\"isPartOf\":{\"@id\":\"https:\/\/www.evolta.be\/nl\/#website\"},\"datePublished\":\"2022-06-03T10:38:41+00:00\",\"dateModified\":\"2025-06-12T09:20:19+00:00\",\"description\":\"Op zoek naar een warm en uitdagend ingenieurs- en architectenbureau (in \u00e9\u00e9n)? Onze teams gaan samen over studie, ontwerp, prijsvraag, co\u00f6rdinatie \u00e9n beheer.\",\"breadcrumb\":{\"@id\":\"https:\/\/www.evolta.be\/nl\/ons-dna\/#breadcrumb\"},\"inLanguage\":\"nl-NL\",\"potentialAction\":[{\"@type\":\"ReadAction\",\"target\":[\"https:\/\/www.evolta.be\/nl\/ons-dna\/\"]}]},{\"@type\":\"BreadcrumbList\",\"@id\":\"https:\/\/www.evolta.be\/nl\/ons-dna\/#breadcrumb\",\"itemListElement\":[{\"@type\":\"ListItem\",\"position\":1,\"name\":\"Home\",\"item\":\"https:\/\/www.evolta.be\/nl\/\"},{\"@type\":\"ListItem\",\"position\":2,\"name\":\"Ons DNA\"}]},{\"@type\":\"WebSite\",\"@id\":\"https:\/\/www.evolta.be\/nl\/#website\",\"url\":\"https:\/\/www.evolta.be\/nl\/\",\"name\":\"Evolta\",\"description\":\"Engineers and Architects\",\"potentialAction\":[{\"@type\":\"SearchAction\",\"target\":{\"@type\":\"EntryPoint\",\"urlTemplate\":\"https:\/\/www.evolta.be\/nl\/?s={search_term_string}\"},\"query-input\":{\"@type\":\"PropertyValueSpecification\",\"valueRequired\":true,\"valueName\":\"search_term_string\"}}],\"inLanguage\":\"nl-NL\"}]}<\/script>\n<!-- \/ Yoast SEO plugin. -->","yoast_head_json":{"title":"Een ingenieurs- en architectenbureau dat verbindt en ontmoet | Evolta","description":"Op zoek naar een warm en uitdagend ingenieurs- en architectenbureau (in \u00e9\u00e9n)? Onze teams gaan samen over studie, ontwerp, prijsvraag, co\u00f6rdinatie \u00e9n beheer.","robots":{"index":"index","follow":"follow","max-snippet":"max-snippet:-1","max-image-preview":"max-image-preview:large","max-video-preview":"max-video-preview:-1"},"canonical":"https:\/\/www.evolta.be\/nl\/ons-dna\/","og_locale":"nl_NL","og_type":"article","og_title":"Een ingenieurs- en architectenbureau dat verbindt en ontmoet | Evolta","og_description":"Op zoek naar een warm en uitdagend ingenieurs- en architectenbureau (in \u00e9\u00e9n)? Onze teams gaan samen over studie, ontwerp, prijsvraag, co\u00f6rdinatie \u00e9n beheer.","og_url":"https:\/\/www.evolta.be\/nl\/ons-dna\/","og_site_name":"Evolta","article_modified_time":"2025-06-12T09:20:19+00:00","twitter_card":"summary_large_image","twitter_misc":{"Geschatte leestijd":"2 minuten"},"schema":{"@context":"https:\/\/schema.org","@graph":[{"@type":"WebPage","@id":"https:\/\/www.evolta.be\/nl\/ons-dna\/","url":"https:\/\/www.evolta.be\/nl\/ons-dna\/","name":"Een ingenieurs- en architectenbureau dat verbindt en ontmoet | Evolta","isPartOf":{"@id":"https:\/\/www.evolta.be\/nl\/#website"},"datePublished":"2022-06-03T10:38:41+00:00","dateModified":"2025-06-12T09:20:19+00:00","description":"Op zoek naar een warm en uitdagend ingenieurs- en architectenbureau (in \u00e9\u00e9n)? Onze teams gaan samen over studie, ontwerp, prijsvraag, co\u00f6rdinatie \u00e9n beheer.","breadcrumb":{"@id":"https:\/\/www.evolta.be\/nl\/ons-dna\/#breadcrumb"},"inLanguage":"nl-NL","potentialAction":[{"@type":"ReadAction","target":["https:\/\/www.evolta.be\/nl\/ons-dna\/"]}]},{"@type":"BreadcrumbList","@id":"https:\/\/www.evolta.be\/nl\/ons-dna\/#breadcrumb","itemListElement":[{"@type":"ListItem","position":1,"name":"Home","item":"https:\/\/www.evolta.be\/nl\/"},{"@type":"ListItem","position":2,"name":"Ons DNA"}]},{"@type":"WebSite","@id":"https:\/\/www.evolta.be\/nl\/#website","url":"https:\/\/www.evolta.be\/nl\/","name":"Evolta","description":"Engineers and Architects","potentialAction":[{"@type":"SearchAction","target":{"@type":"EntryPoint","urlTemplate":"https:\/\/www.evolta.be\/nl\/?s={search_term_string}"},"query-input":{"@type":"PropertyValueSpecification","valueRequired":true,"valueName":"search_term_string"}}],"inLanguage":"nl-NL"}]}},"_links":{"self":[{"href":"https:\/\/www.evolta.be\/nl\/wp-json\/wp\/v2\/pages\/46","targetHints":{"allow":["GET"]}}],"collection":[{"href":"https:\/\/www.evolta.be\/nl\/wp-json\/wp\/v2\/pages"}],"about":[{"href":"https:\/\/www.evolta.be\/nl\/wp-json\/wp\/v2\/types\/page"}],"author":[{"embeddable":true,"href":"https:\/\/www.evolta.be\/nl\/wp-json\/wp\/v2\/users\/1"}],"replies":[{"embeddable":true,"href":"https:\/\/www.evolta.be\/nl\/wp-json\/wp\/v2\/comments?post=46"}],"version-history":[{"count":92,"href":"https:\/\/www.evolta.be\/nl\/wp-json\/wp\/v2\/pages\/46\/revisions"}],"predecessor-version":[{"id":12553,"href":"https:\/\/www.evolta.be\/nl\/wp-json\/wp\/v2\/pages\/46\/revisions\/12553"}],"wp:attachment":[{"href":"https:\/\/www.evolta.be\/nl\/wp-json\/wp\/v2\/media?parent=46"}],"curies":[{"name":"wp","href":"https:\/\/api.w.org\/{rel}","templated":true}]}}